{"id":3007,"date":"2020-11-24T16:45:24","date_gmt":"2020-11-24T15:45:24","guid":{"rendered":"https:\/\/brechts.de\/?page_id=3007"},"modified":"2026-03-02T15:29:06","modified_gmt":"2026-03-02T14:29:06","slug":"desserts","status":"publish","type":"page","link":"https:\/\/brechts.de\/en\/menu\/desserts\/","title":{"rendered":"Desserts"},"content":{"rendered":"<div class=\"wpb-content-wrapper\"><p>[vc_row row_height_percent=&#8221;0&#8243; override_padding=&#8221;yes&#8221; h_padding=&#8221;2&#8243; top_padding=&#8221;3&#8243; bottom_padding=&#8221;3&#8243; overlay_alpha=&#8221;50&#8243; gutter_size=&#8221;3&#8243; column_width_percent=&#8221;100&#8243; shift_y=&#8221;0&#8243; z_index=&#8221;0&#8243;][vc_column width=&#8221;1\/6&#8243;][\/vc_column][vc_column column_width_percent=&#8221;100&#8243; align_horizontal=&#8221;align_center&#8221; gutter_size=&#8221;3&#8243; overlay_alpha=&#8221;50&#8243; shift_x=&#8221;0&#8243; shift_y=&#8221;0&#8243; shift_y_down=&#8221;0&#8243; z_index=&#8221;0&#8243; medium_width=&#8221;0&#8243; mobile_width=&#8221;0&#8243; width=&#8221;2\/3&#8243;][vc_column_text css=&#8221;.vc_custom_1610636491852{margin-top: 0px !important;}&#8221;]<\/p>\n<h2>Delicious desserts<\/h2>\n<h3>The perfect finish for every meal<\/h3>\n<p>Whether chocolatey, fruity or creamy &#8211; our desserts are finely prepared with exquisite ingredients and round-off your evening perfectly.<br \/>\nFor those with a sweet tooth, we offer sweet temptations such as cr\u00e9me br\u00fbl\u00e9e with exotic passion fruit or a cheesecake in the glass. If you prefer a liquid finish to your meal. Check out our digestives menu.[\/vc_column_text][\/vc_column][vc_column width=&#8221;1\/6&#8243;][\/vc_column][\/vc_row][vc_row row_height_percent=&#8221;0&#8243; override_padding=&#8221;yes&#8221; h_padding=&#8221;2&#8243; top_padding=&#8221;0&#8243; bottom_padding=&#8221;0&#8243; back_image=&#8221;2160&#8243; overlay_alpha=&#8221;50&#8243; gutter_size=&#8221;3&#8243; column_width_percent=&#8221;100&#8243; shift_y=&#8221;0&#8243; z_index=&#8221;0&#8243;][vc_column width=&#8221;1\/6&#8243;][\/vc_column][vc_column column_width_percent=&#8221;100&#8243; gutter_size=&#8221;3&#8243; override_padding=&#8221;yes&#8221; column_padding=&#8221;4&#8243; overlay_color=&#8221;color-xsdn&#8221; overlay_alpha=&#8221;80&#8243; shift_x=&#8221;0&#8243; shift_y=&#8221;0&#8243; shift_y_down=&#8221;0&#8243; z_index=&#8221;0&#8243; medium_width=&#8221;0&#8243; mobile_width=&#8221;0&#8243; width=&#8221;2\/3&#8243; link_to=&#8221;|title:Austern%20und%20Garnelen||&#8221;][vc_column_text border_style=&#8221;solid&#8221;]<\/p>\n<h2 class=\"speisekarte-h2\" style=\"text-align: center;\">Food<\/h2>\n<p>[\/vc_column_text][vc_column_text el_class=&#8221;speisekarte&#8221; css=&#8221;.vc_custom_1753795624419{margin-bottom: -25px !important;}&#8221; uncode_shortcode_id=&#8221;199046&#8243;]<\/p>\n<table>\n<tbody>\n<tr>\n<td><span style=\"font-weight: 400;\">PASSION FRUIT CR\u00c8ME BR\u00dbL\u00c9E<\/span><\/td>\n<td><span style=\"font-weight: 400;\">9,50 \u20ac<\/span><\/td>\n<\/tr>\n<\/tbody>\n<\/table>\n<p>[\/vc_column_text][vc_column_text el_class=&#8221;speisekarte&#8221; css=&#8221;.vc_custom_1729779312873{margin-bottom: -25px !important;}&#8221; uncode_shortcode_id=&#8221;348766&#8243;]<\/p>\n<table>\n<tbody>\n<tr>\n<td>CHEESECAKE IN A GLASS<br \/>\n<em>oat cookie crumble | cream cheese | pineapple mango salad<\/em><\/td>\n<td>12,00 \u20ac<\/td>\n<\/tr>\n<\/tbody>\n<\/table>\n<p>[\/vc_column_text][vc_column_text el_class=&#8221;speisekarte&#8221; css=&#8221;.vc_custom_1753795645358{margin-bottom: -25px !important;}&#8221; uncode_shortcode_id=&#8221;916877&#8243;]<\/p>\n<table>\n<tbody>\n<tr>\n<td><span style=\"font-weight: 400;\">HOMEMADE APPLE STRUDEL<br \/>\n<em>with raisins | vanilla ice cream<br \/>\n<\/em><\/span><\/td>\n<td><span style=\"font-weight: 400;\">14,50 \u20ac<\/span><\/td>\n<\/tr>\n<\/tbody>\n<\/table>\n<p>[\/vc_column_text][vc_column_text el_class=&#8221;speisekarte&#8221; css=&#8221;.vc_custom_1738157403307{margin-bottom: -25px !important;}&#8221; uncode_shortcode_id=&#8221;920259&#8243;]<\/p>\n<table>\n<tbody>\n<tr>\n<td><span style=\"font-weight: 400;\">DESSERT WINE<br \/>\n<em>CHATEAU JANY | SAUTERNES<br \/>\n0,05l<br \/>\n<\/em><\/span><\/td>\n<td><span style=\"font-weight: 400;\">8,50 \u20ac<\/span><\/td>\n<\/tr>\n<\/tbody>\n<\/table>\n<p>[\/vc_column_text][vc_column_text]<\/p>\n<p style=\"text-align: right;\"><small>Note: Errors and changes at short notice excepted.<\/small><\/p>\n<p>[\/vc_column_text][vc_column_text]<\/p>\n<p style=\"text-align: center;\"><a class=\"btn btn-md btn-accent btn-flat\" href=\"https:\/\/brechts.de\/en\/menu\/\">Back to the menu<\/a><\/p>\n<p>[\/vc_column_text][\/vc_column][vc_column width=&#8221;1\/6&#8243;][\/vc_column][\/vc_row]<\/p>\n<\/div>","protected":false},"excerpt":{"rendered":"<p>[vc_row row_height_percent=&#8221;0&#8243; override_padding=&#8221;yes&#8221; h_padding=&#8221;2&#8243; top_padding=&#8221;3&#8243; bottom_padding=&#8221;3&#8243; overlay_alpha=&#8221;50&#8243; gutter_size=&#8221;3&#8243; column_width_percent=&#8221;100&#8243; shift_y=&#8221;0&#8243; z_index=&#8221;0&#8243;][vc_column width=&#8221;1\/6&#8243;][\/vc_column][vc_column column_width_percent=&#8221;100&#8243; align_horizontal=&#8221;align_center&#8221; gutter_size=&#8221;3&#8243; overlay_alpha=&#8221;50&#8243; shift_x=&#8221;0&#8243; shift_y=&#8221;0&#8243; shift_y_down=&#8221;0&#8243; z_index=&#8221;0&#8243; [&hellip;]<\/p>\n","protected":false},"author":2,"featured_media":2167,"parent":2971,"menu_order":0,"comment_status":"closed","ping_status":"closed","template":"","meta":{"footnotes":""},"class_list":["post-3007","page","type-page","status-publish","has-post-thumbnail","hentry"],"yoast_head":"<!-- This site is optimized with the Yoast SEO plugin v27.0 - https:\/\/yoast.com\/product\/yoast-seo-wordpress\/ -->\n<title>Desserts - BRECHTS Steakhaus Berlin<\/title>\n<meta name=\"robots\" content=\"index, follow, max-snippet:-1, max-image-preview:large, max-video-preview:-1\" \/>\n<link rel=\"canonical\" href=\"https:\/\/brechts.de\/en\/menu\/desserts\/\" \/>\n<meta property=\"og:locale\" content=\"en_US\" \/>\n<meta property=\"og:type\" content=\"article\" \/>\n<meta property=\"og:title\" content=\"Desserts - BRECHTS Steakhaus Berlin\" \/>\n<meta property=\"og:description\" content=\"[vc_row row_height_percent=&#8221;0&#8243; override_padding=&#8221;yes&#8221; h_padding=&#8221;2&#8243; top_padding=&#8221;3&#8243; bottom_padding=&#8221;3&#8243; overlay_alpha=&#8221;50&#8243; gutter_size=&#8221;3&#8243; column_width_percent=&#8221;100&#8243; shift_y=&#8221;0&#8243; z_index=&#8221;0&#8243;][vc_column width=&#8221;1\/6&#8243;][\/vc_column][vc_column column_width_percent=&#8221;100&#8243; align_horizontal=&#8221;align_center&#8221; gutter_size=&#8221;3&#8243; overlay_alpha=&#8221;50&#8243; shift_x=&#8221;0&#8243; shift_y=&#8221;0&#8243; shift_y_down=&#8221;0&#8243; z_index=&#8221;0&#8243; [&hellip;]\" \/>\n<meta property=\"og:url\" content=\"https:\/\/brechts.de\/en\/menu\/desserts\/\" \/>\n<meta property=\"og:site_name\" content=\"BRECHTS Steakhaus Berlin\" \/>\n<meta property=\"article:modified_time\" content=\"2026-03-02T14:29:06+00:00\" \/>\n<meta property=\"og:image\" content=\"https:\/\/brechts.de\/wp-content\/uploads\/2020\/09\/brechts-steakhaus-mango-panna-cotta.jpg\" \/>\n\t<meta property=\"og:image:width\" content=\"1600\" \/>\n\t<meta property=\"og:image:height\" content=\"1067\" \/>\n\t<meta property=\"og:image:type\" content=\"image\/jpeg\" \/>\n<meta name=\"twitter:card\" content=\"summary_large_image\" \/>\n<meta name=\"twitter:label1\" content=\"Est. reading time\" \/>\n\t<meta name=\"twitter:data1\" content=\"2 minutes\" \/>\n<script type=\"application\/ld+json\" class=\"yoast-schema-graph\">{\"@context\":\"https:\/\/schema.org\",\"@graph\":[{\"@type\":\"WebPage\",\"@id\":\"https:\/\/brechts.de\/en\/menu\/desserts\/\",\"url\":\"https:\/\/brechts.de\/en\/menu\/desserts\/\",\"name\":\"Desserts - BRECHTS Steakhaus Berlin\",\"isPartOf\":{\"@id\":\"https:\/\/brechts.de\/#website\"},\"primaryImageOfPage\":{\"@id\":\"https:\/\/brechts.de\/en\/menu\/desserts\/#primaryimage\"},\"image\":{\"@id\":\"https:\/\/brechts.de\/en\/menu\/desserts\/#primaryimage\"},\"thumbnailUrl\":\"https:\/\/brechts.de\/wp-content\/uploads\/2020\/09\/brechts-steakhaus-mango-panna-cotta.jpg\",\"datePublished\":\"2020-11-24T15:45:24+00:00\",\"dateModified\":\"2026-03-02T14:29:06+00:00\",\"breadcrumb\":{\"@id\":\"https:\/\/brechts.de\/en\/menu\/desserts\/#breadcrumb\"},\"inLanguage\":\"en-US\",\"potentialAction\":[{\"@type\":\"ReadAction\",\"target\":[\"https:\/\/brechts.de\/en\/menu\/desserts\/\"]}]},{\"@type\":\"ImageObject\",\"inLanguage\":\"en-US\",\"@id\":\"https:\/\/brechts.de\/en\/menu\/desserts\/#primaryimage\",\"url\":\"https:\/\/brechts.de\/wp-content\/uploads\/2020\/09\/brechts-steakhaus-mango-panna-cotta.jpg\",\"contentUrl\":\"https:\/\/brechts.de\/wp-content\/uploads\/2020\/09\/brechts-steakhaus-mango-panna-cotta.jpg\",\"width\":1600,\"height\":1067},{\"@type\":\"BreadcrumbList\",\"@id\":\"https:\/\/brechts.de\/en\/menu\/desserts\/#breadcrumb\",\"itemListElement\":[{\"@type\":\"ListItem\",\"position\":1,\"name\":\"Startseite\",\"item\":\"https:\/\/brechts.de\/en\/\"},{\"@type\":\"ListItem\",\"position\":2,\"name\":\"Menu\",\"item\":\"https:\/\/brechts.de\/en\/menu\/\"},{\"@type\":\"ListItem\",\"position\":3,\"name\":\"Desserts\"}]},{\"@type\":\"WebSite\",\"@id\":\"https:\/\/brechts.de\/#website\",\"url\":\"https:\/\/brechts.de\/\",\"name\":\"BRECHTS Steakhaus Berlin\",\"description\":\"Steakhaus Berlin Mitte\",\"publisher\":{\"@id\":\"https:\/\/brechts.de\/#organization\"},\"potentialAction\":[{\"@type\":\"SearchAction\",\"target\":{\"@type\":\"EntryPoint\",\"urlTemplate\":\"https:\/\/brechts.de\/?s={search_term_string}\"},\"query-input\":{\"@type\":\"PropertyValueSpecification\",\"valueRequired\":true,\"valueName\":\"search_term_string\"}}],\"inLanguage\":\"en-US\"},{\"@type\":\"Organization\",\"@id\":\"https:\/\/brechts.de\/#organization\",\"name\":\"Brechts Steakhaus\",\"url\":\"https:\/\/brechts.de\/\",\"logo\":{\"@type\":\"ImageObject\",\"inLanguage\":\"en-US\",\"@id\":\"https:\/\/brechts.de\/#\/schema\/logo\/image\/\",\"url\":\"https:\/\/brechts.de\/wp-content\/uploads\/2020\/09\/brechts-logo.png\",\"contentUrl\":\"https:\/\/brechts.de\/wp-content\/uploads\/2020\/09\/brechts-logo.png\",\"width\":168,\"height\":85,\"caption\":\"Brechts Steakhaus\"},\"image\":{\"@id\":\"https:\/\/brechts.de\/#\/schema\/logo\/image\/\"}}]}<\/script>\n<!-- \/ Yoast SEO plugin. -->","yoast_head_json":{"title":"Desserts - BRECHTS Steakhaus Berlin","robots":{"index":"index","follow":"follow","max-snippet":"max-snippet:-1","max-image-preview":"max-image-preview:large","max-video-preview":"max-video-preview:-1"},"canonical":"https:\/\/brechts.de\/en\/menu\/desserts\/","og_locale":"en_US","og_type":"article","og_title":"Desserts - BRECHTS Steakhaus Berlin","og_description":"[vc_row row_height_percent=&#8221;0&#8243; override_padding=&#8221;yes&#8221; h_padding=&#8221;2&#8243; top_padding=&#8221;3&#8243; bottom_padding=&#8221;3&#8243; overlay_alpha=&#8221;50&#8243; gutter_size=&#8221;3&#8243; column_width_percent=&#8221;100&#8243; shift_y=&#8221;0&#8243; z_index=&#8221;0&#8243;][vc_column width=&#8221;1\/6&#8243;][\/vc_column][vc_column column_width_percent=&#8221;100&#8243; align_horizontal=&#8221;align_center&#8221; gutter_size=&#8221;3&#8243; overlay_alpha=&#8221;50&#8243; shift_x=&#8221;0&#8243; shift_y=&#8221;0&#8243; shift_y_down=&#8221;0&#8243; z_index=&#8221;0&#8243; [&hellip;]","og_url":"https:\/\/brechts.de\/en\/menu\/desserts\/","og_site_name":"BRECHTS Steakhaus Berlin","article_modified_time":"2026-03-02T14:29:06+00:00","og_image":[{"width":1600,"height":1067,"url":"https:\/\/brechts.de\/wp-content\/uploads\/2020\/09\/brechts-steakhaus-mango-panna-cotta.jpg","type":"image\/jpeg"}],"twitter_card":"summary_large_image","twitter_misc":{"Est. reading time":"2 minutes"},"schema":{"@context":"https:\/\/schema.org","@graph":[{"@type":"WebPage","@id":"https:\/\/brechts.de\/en\/menu\/desserts\/","url":"https:\/\/brechts.de\/en\/menu\/desserts\/","name":"Desserts - BRECHTS Steakhaus Berlin","isPartOf":{"@id":"https:\/\/brechts.de\/#website"},"primaryImageOfPage":{"@id":"https:\/\/brechts.de\/en\/menu\/desserts\/#primaryimage"},"image":{"@id":"https:\/\/brechts.de\/en\/menu\/desserts\/#primaryimage"},"thumbnailUrl":"https:\/\/brechts.de\/wp-content\/uploads\/2020\/09\/brechts-steakhaus-mango-panna-cotta.jpg","datePublished":"2020-11-24T15:45:24+00:00","dateModified":"2026-03-02T14:29:06+00:00","breadcrumb":{"@id":"https:\/\/brechts.de\/en\/menu\/desserts\/#breadcrumb"},"inLanguage":"en-US","potentialAction":[{"@type":"ReadAction","target":["https:\/\/brechts.de\/en\/menu\/desserts\/"]}]},{"@type":"ImageObject","inLanguage":"en-US","@id":"https:\/\/brechts.de\/en\/menu\/desserts\/#primaryimage","url":"https:\/\/brechts.de\/wp-content\/uploads\/2020\/09\/brechts-steakhaus-mango-panna-cotta.jpg","contentUrl":"https:\/\/brechts.de\/wp-content\/uploads\/2020\/09\/brechts-steakhaus-mango-panna-cotta.jpg","width":1600,"height":1067},{"@type":"BreadcrumbList","@id":"https:\/\/brechts.de\/en\/menu\/desserts\/#breadcrumb","itemListElement":[{"@type":"ListItem","position":1,"name":"Startseite","item":"https:\/\/brechts.de\/en\/"},{"@type":"ListItem","position":2,"name":"Menu","item":"https:\/\/brechts.de\/en\/menu\/"},{"@type":"ListItem","position":3,"name":"Desserts"}]},{"@type":"WebSite","@id":"https:\/\/brechts.de\/#website","url":"https:\/\/brechts.de\/","name":"BRECHTS Steakhaus Berlin","description":"Steakhaus Berlin Mitte","publisher":{"@id":"https:\/\/brechts.de\/#organization"},"potentialAction":[{"@type":"SearchAction","target":{"@type":"EntryPoint","urlTemplate":"https:\/\/brechts.de\/?s={search_term_string}"},"query-input":{"@type":"PropertyValueSpecification","valueRequired":true,"valueName":"search_term_string"}}],"inLanguage":"en-US"},{"@type":"Organization","@id":"https:\/\/brechts.de\/#organization","name":"Brechts Steakhaus","url":"https:\/\/brechts.de\/","logo":{"@type":"ImageObject","inLanguage":"en-US","@id":"https:\/\/brechts.de\/#\/schema\/logo\/image\/","url":"https:\/\/brechts.de\/wp-content\/uploads\/2020\/09\/brechts-logo.png","contentUrl":"https:\/\/brechts.de\/wp-content\/uploads\/2020\/09\/brechts-logo.png","width":168,"height":85,"caption":"Brechts Steakhaus"},"image":{"@id":"https:\/\/brechts.de\/#\/schema\/logo\/image\/"}}]}},"_links":{"self":[{"href":"https:\/\/brechts.de\/en\/wp-json\/wp\/v2\/pages\/3007","targetHints":{"allow":["GET"]}}],"collection":[{"href":"https:\/\/brechts.de\/en\/wp-json\/wp\/v2\/pages"}],"about":[{"href":"https:\/\/brechts.de\/en\/wp-json\/wp\/v2\/types\/page"}],"author":[{"embeddable":true,"href":"https:\/\/brechts.de\/en\/wp-json\/wp\/v2\/users\/2"}],"replies":[{"embeddable":true,"href":"https:\/\/brechts.de\/en\/wp-json\/wp\/v2\/comments?post=3007"}],"version-history":[{"count":0,"href":"https:\/\/brechts.de\/en\/wp-json\/wp\/v2\/pages\/3007\/revisions"}],"up":[{"embeddable":true,"href":"https:\/\/brechts.de\/en\/wp-json\/wp\/v2\/pages\/2971"}],"wp:featuredmedia":[{"embeddable":true,"href":"https:\/\/brechts.de\/en\/wp-json\/wp\/v2\/media\/2167"}],"wp:attachment":[{"href":"https:\/\/brechts.de\/en\/wp-json\/wp\/v2\/media?parent=3007"}],"curies":[{"name":"wp","href":"https:\/\/api.w.org\/{rel}","templated":true}]}}