{"id":2931,"date":"2020-11-23T15:08:09","date_gmt":"2020-11-23T14:08:09","guid":{"rendered":"https:\/\/brechts.de\/?page_id=2931"},"modified":"2022-11-01T12:28:57","modified_gmt":"2022-11-01T11:28:57","slug":"take-out","status":"publish","type":"page","link":"https:\/\/brechts.de\/en\/take-out\/","title":{"rendered":"Food for take out"},"content":{"rendered":"<div class=\"wpb-content-wrapper\"><p>[vc_row row_height_percent=&#8221;0&#8243; override_padding=&#8221;yes&#8221; h_padding=&#8221;2&#8243; top_padding=&#8221;3&#8243; bottom_padding=&#8221;2&#8243; overlay_alpha=&#8221;50&#8243; gutter_size=&#8221;3&#8243; column_width_percent=&#8221;100&#8243; shift_y=&#8221;0&#8243; z_index=&#8221;0&#8243;][vc_column width=&#8221;1\/6&#8243;][\/vc_column][vc_column column_width_percent=&#8221;100&#8243; align_horizontal=&#8221;align_center&#8221; gutter_size=&#8221;3&#8243; overlay_alpha=&#8221;50&#8243; shift_x=&#8221;0&#8243; shift_y=&#8221;0&#8243; shift_y_down=&#8221;0&#8243; z_index=&#8221;0&#8243; medium_width=&#8221;0&#8243; mobile_width=&#8221;0&#8243; width=&#8221;2\/3&#8243; uncode_shortcode_id=&#8221;170608&#8243;][vc_column_text css=&#8221;.vc_custom_1666976613857{margin-top: 0px !important;}&#8221; uncode_shortcode_id=&#8221;125378&#8243;]<\/p>\n<h2>Brechts to go<\/h2>\n<h3 class=\"h2-subtitle\">Dine like in a restaurant<\/h3>\n<p>Would you like to become a star chef yourself, are you planning a special dinner at home or would you like to spoil your guests with culinary highlights at a party? With our food for take out we bring gourmet cuisine directly to you. All dishes are cooked and freshly vacuumed so that they can be served at home in no time. The offers are available with Germany-wide shipping and for pickup. Host a feast without much effort!<\/p>\n<p>[\/vc_column_text][vc_custom_heading heading_semantic=&#8221;h4&#8243; text_size=&#8221;h4&#8243; uncode_shortcode_id=&#8221;204882&#8243;]Current offers[\/vc_custom_heading][\/vc_column][vc_column width=&#8221;1\/6&#8243;][\/vc_column][\/vc_row][vc_row row_height_percent=&#8221;0&#8243; override_padding=&#8221;yes&#8221; h_padding=&#8221;2&#8243; top_padding=&#8221;2&#8243; bottom_padding=&#8221;4&#8243; overlay_alpha=&#8221;50&#8243; equal_height=&#8221;yes&#8221; gutter_size=&#8221;3&#8243; column_width_percent=&#8221;100&#8243; shift_y=&#8221;0&#8243; z_index=&#8221;0&#8243; uncode_shortcode_id=&#8221;217903&#8243;][vc_column column_width_percent=&#8221;100&#8243; align_horizontal=&#8221;align_center&#8221; gutter_size=&#8221;3&#8243; override_padding=&#8221;yes&#8221; column_padding=&#8221;0&#8243; back_color=&#8221;color-117794&#8243; overlay_alpha=&#8221;50&#8243; border_color=&#8221;color-202362&#8243; border_style=&#8221;solid&#8221; shift_x=&#8221;0&#8243; shift_y=&#8221;0&#8243; shift_y_down=&#8221;0&#8243; z_index=&#8221;0&#8243; medium_width=&#8221;0&#8243; mobile_width=&#8221;0&#8243; width=&#8221;1\/2&#8243; uncode_shortcode_id=&#8221;114366&#8243; back_color_type=&#8221;uncode-palette&#8221; css=&#8221;.vc_custom_1666977616851{border-top-width: 4px !important;border-right-width: 4px !important;border-bottom-width: 4px !important;border-left-width: 4px !important;padding-bottom: 30px !important;}&#8221; border_color_type=&#8221;uncode-palette&#8221;][vc_single_image media=&#8221;3448&#8243; media_width_percent=&#8221;100&#8243; uncode_shortcode_id=&#8221;992861&#8243;][vc_column_text text_color=&#8221;color-xsdn&#8221; uncode_shortcode_id=&#8221;589790&#8243; text_color_type=&#8221;uncode-palette&#8221;]<br \/>\n<small>Photo: Florian Kottlewsi<\/small><br \/>\n[\/vc_column_text][vc_custom_heading text_color=&#8221;color-xsdn&#8221; heading_semantic=&#8221;h3&#8243; text_size=&#8221;h3&#8243; uncode_shortcode_id=&#8221;129567&#8243; text_color_type=&#8221;uncode-palette&#8221;]Stuffed goose[\/vc_custom_heading][vc_column_text text_color=&#8221;color-xsdn&#8221; uncode_shortcode_id=&#8221;164122&#8243; text_color_type=&#8221;uncode-palette&#8221; css=&#8221;.vc_custom_1666977645211{padding-right: 30px !important;padding-left: 30px !important;}&#8221;]Preheat the oven, invite family and friends, because the time has come: goose season has begun! As every year, we provide you with pre-cooked and freshly vacuum-packed geese with classic side dishes, which you can serve in just 40 minutes thanks to our fail-safe preparation instructions. Crisp skin guaranteed.<\/p>\n<p>Offer valid from 11.11.-26.12.2022.[\/vc_column_text][vc_button button_color=&#8221;accent&#8221; border_width=&#8221;0&#8243; link=&#8221;url:https%3A%2F%2Fshop.ganymed-brechts.de%2Fcollections%2Fgans%2Fproducts%2Fkochbox-weihnachtsgans|title:Gans%20bestellen%20im%20Onlineshop|target:_blank&#8221; button_color_type=&#8221;uncode-palette&#8221; uncode_shortcode_id=&#8221;909747&#8243;]Order now[\/vc_button][\/vc_column][vc_column column_width_percent=&#8221;100&#8243; align_horizontal=&#8221;align_center&#8221; gutter_size=&#8221;3&#8243; override_padding=&#8221;yes&#8221; column_padding=&#8221;0&#8243; back_color=&#8221;color-117794&#8243; overlay_alpha=&#8221;50&#8243; border_color=&#8221;color-202362&#8243; border_style=&#8221;solid&#8221; shift_x=&#8221;0&#8243; shift_y=&#8221;0&#8243; shift_y_down=&#8221;0&#8243; z_index=&#8221;0&#8243; medium_width=&#8221;0&#8243; mobile_width=&#8221;0&#8243; width=&#8221;1\/2&#8243; uncode_shortcode_id=&#8221;166103&#8243; back_color_type=&#8221;uncode-palette&#8221; css=&#8221;.vc_custom_1666978324927{border-top-width: 4px !important;border-right-width: 4px !important;border-bottom-width: 4px !important;border-left-width: 4px !important;padding-bottom: 30px !important;}&#8221; border_color_type=&#8221;uncode-palette&#8221;][vc_single_image media=&#8221;4058&#8243; media_width_percent=&#8221;100&#8243; uncode_shortcode_id=&#8221;106129&#8243;][vc_column_text text_color=&#8221;color-xsdn&#8221; uncode_shortcode_id=&#8221;177703&#8243; text_color_type=&#8221;uncode-palette&#8221;]<br \/>\n<small>Photo: Claudio Schwarz | unsplash<br \/>\n<\/small><br \/>\n[\/vc_column_text][vc_custom_heading text_color=&#8221;color-xsdn&#8221; heading_semantic=&#8221;h3&#8243; text_size=&#8221;h3&#8243; uncode_shortcode_id=&#8221;190210&#8243; text_color_type=&#8221;uncode-palette&#8221;]Turkey and more[\/vc_custom_heading][vc_column_text text_color=&#8221;color-xsdn&#8221; uncode_shortcode_id=&#8221;573524&#8243; text_color_type=&#8221;uncode-palette&#8221; css=&#8221;.vc_custom_1667301571550{padding-right: 30px !important;padding-left: 30px !important;}&#8221;]This year&#8217;s take out dishes are almost all about poultry. Should it be a tender black-feathered chicken for 2 people or rather the imposing turkey for 6? The birds each come with individual fillings and garnishes. With it, you will easily conjure up a special Christmas dinner for your loved ones on the table.<\/p>\n<p>Offer valid from 11.11.-26.12.2022.[\/vc_column_text][vc_button button_color=&#8221;accent&#8221; border_width=&#8221;0&#8243; link=&#8221;url:https%3A%2F%2Fshop.ganymed-brechts.de%2Fcollections%2Fweihnachten|title:Online%20bestellen|target:_blank&#8221; button_color_type=&#8221;uncode-palette&#8221; uncode_shortcode_id=&#8221;213623&#8243;]Order now[\/vc_button][\/vc_column][\/vc_row][vc_row row_height_percent=&#8221;0&#8243; override_padding=&#8221;yes&#8221; h_padding=&#8221;2&#8243; top_padding=&#8221;2&#8243; bottom_padding=&#8221;4&#8243; overlay_alpha=&#8221;50&#8243; equal_height=&#8221;yes&#8221; gutter_size=&#8221;3&#8243; column_width_percent=&#8221;100&#8243; shift_y=&#8221;0&#8243; z_index=&#8221;0&#8243; uncode_shortcode_id=&#8221;217903&#8243;][vc_column column_width_percent=&#8221;100&#8243; align_horizontal=&#8221;align_center&#8221; gutter_size=&#8221;3&#8243; override_padding=&#8221;yes&#8221; column_padding=&#8221;0&#8243; back_color=&#8221;color-117794&#8243; overlay_alpha=&#8221;50&#8243; border_color=&#8221;color-202362&#8243; border_style=&#8221;solid&#8221; shift_x=&#8221;0&#8243; shift_y=&#8221;0&#8243; shift_y_down=&#8221;0&#8243; z_index=&#8221;0&#8243; medium_width=&#8221;0&#8243; mobile_width=&#8221;0&#8243; width=&#8221;1\/2&#8243; uncode_shortcode_id=&#8221;114366&#8243; back_color_type=&#8221;uncode-palette&#8221; css=&#8221;.vc_custom_1666977616851{border-top-width: 4px !important;border-right-width: 4px !important;border-bottom-width: 4px !important;border-left-width: 4px !important;padding-bottom: 30px !important;}&#8221; border_color_type=&#8221;uncode-palette&#8221;][vc_single_image media=&#8221;4068&#8243; media_width_percent=&#8221;100&#8243; uncode_shortcode_id=&#8221;124122&#8243;][vc_column_text text_color=&#8221;color-xsdn&#8221; uncode_shortcode_id=&#8221;125264&#8243; text_color_type=&#8221;uncode-palette&#8221;]<br \/>\n<small>Photo: Ganymed Brasserie<br \/>\n<\/small><br \/>\n[\/vc_column_text][vc_custom_heading text_color=&#8221;color-xsdn&#8221; heading_semantic=&#8221;h3&#8243; text_size=&#8221;h3&#8243; uncode_shortcode_id=&#8221;517892&#8243; text_color_type=&#8221;uncode-palette&#8221;]Christmas menu[\/vc_custom_heading][vc_column_text text_color=&#8221;color-xsdn&#8221; uncode_shortcode_id=&#8221;127716&#8243; text_color_type=&#8221;uncode-palette&#8221; css=&#8221;.vc_custom_1667301692977{padding-right: 30px !important;padding-left: 30px !important;}&#8221;]For those who want to rely on us from appetizer to dessert, the Christmas menu is the right choice. Here you can choose from goose leg, Barbary duck, deer ragout from Brandenburg or grilled corn poulard. The savory main courses are flanked by parsnip-celery soup with pea foam and chorizo crumble, and sweet apple-calvados cr\u00e8me br\u00fbl\u00e9e. An all-around festive menu for the joyful Christmas season.<\/p>\n<p>Offer valid from 11.11.-26.12.2022.[\/vc_column_text][vc_button button_color=&#8221;accent&#8221; border_width=&#8221;0&#8243; link=&#8221;url:https%3A%2F%2Fshop.ganymed-brechts.de%2Fcollections%2Fim-angebot%2Fproducts%2Fweihnachtsmenu|title:Weihnachtsmen%C3%BC|target:_blank&#8221; button_color_type=&#8221;uncode-palette&#8221; uncode_shortcode_id=&#8221;111304&#8243;]Order now[\/vc_button][\/vc_column][vc_column column_width_percent=&#8221;100&#8243; align_horizontal=&#8221;align_center&#8221; gutter_size=&#8221;3&#8243; override_padding=&#8221;yes&#8221; column_padding=&#8221;0&#8243; back_color=&#8221;color-117794&#8243; overlay_alpha=&#8221;50&#8243; border_color=&#8221;color-202362&#8243; border_style=&#8221;solid&#8221; shift_x=&#8221;0&#8243; shift_y=&#8221;0&#8243; shift_y_down=&#8221;0&#8243; z_index=&#8221;0&#8243; medium_width=&#8221;0&#8243; mobile_width=&#8221;0&#8243; width=&#8221;1\/2&#8243; uncode_shortcode_id=&#8221;166103&#8243; back_color_type=&#8221;uncode-palette&#8221; css=&#8221;.vc_custom_1666978324927{border-top-width: 4px !important;border-right-width: 4px !important;border-bottom-width: 4px !important;border-left-width: 4px !important;padding-bottom: 30px !important;}&#8221; border_color_type=&#8221;uncode-palette&#8221;][vc_single_image media=&#8221;3806&#8243; media_width_percent=&#8221;100&#8243; uncode_shortcode_id=&#8221;128662&#8243;][vc_column_text text_color=&#8221;color-xsdn&#8221; uncode_shortcode_id=&#8221;181365&#8243; text_color_type=&#8221;uncode-palette&#8221;]<br \/>\n<small>Photo: Florian Kottlewski<\/small><br \/>\n[\/vc_column_text][vc_custom_heading text_color=&#8221;color-xsdn&#8221; heading_semantic=&#8221;h3&#8243; text_size=&#8221;h3&#8243; uncode_shortcode_id=&#8221;358544&#8243; text_color_type=&#8221;uncode-palette&#8221;]Steak platter for 4 persons[\/vc_custom_heading][vc_column_text text_color=&#8221;color-xsdn&#8221; uncode_shortcode_id=&#8221;214452&#8243; text_color_type=&#8221;uncode-palette&#8221; css=&#8221;.vc_custom_1667301731586{padding-right: 30px !important;padding-left: 30px !important;}&#8221;]Everyone has goose, but you&#8217;d rather have some juicy beef? How about our steak platter for 4 people. You will receive a whole flank (1200g) pre-cooked and with garnishes. Just finish frying and you&#8217;re ready to eat! Our Family Style steak platter comes with fries, salad, chimi churri sauce and vegetable garnishes. Everything, of course, homemade and pre-cooked so that you can finish it with normal kitchen utensils. This is a Christmas dinner how we like it!<\/p>\n<p>Offer valid from 11.11.-26.12.2022.[\/vc_column_text][vc_button button_color=&#8221;accent&#8221; border_width=&#8221;0&#8243; link=&#8221;url:https%3A%2F%2Fshop.ganymed-brechts.de%2Fcollections%2Fim-angebot%2Fproducts%2Fsteakplatte-family-style-fur-4-personen|title:Steakplatte%20bestellen|target:_blank&#8221; button_color_type=&#8221;uncode-palette&#8221; uncode_shortcode_id=&#8221;139117&#8243;]Order now[\/vc_button][\/vc_column][\/vc_row]<\/p>\n<\/div>","protected":false},"excerpt":{"rendered":"<p>[vc_row row_height_percent=&#8221;0&#8243; override_padding=&#8221;yes&#8221; h_padding=&#8221;2&#8243; top_padding=&#8221;3&#8243; bottom_padding=&#8221;2&#8243; overlay_alpha=&#8221;50&#8243; gutter_size=&#8221;3&#8243; column_width_percent=&#8221;100&#8243; shift_y=&#8221;0&#8243; z_index=&#8221;0&#8243;][vc_column width=&#8221;1\/6&#8243;][\/vc_column][vc_column column_width_percent=&#8221;100&#8243; align_horizontal=&#8221;align_center&#8221; gutter_size=&#8221;3&#8243; overlay_alpha=&#8221;50&#8243; shift_x=&#8221;0&#8243; shift_y=&#8221;0&#8243; shift_y_down=&#8221;0&#8243; z_index=&#8221;0&#8243; [&hellip;]<\/p>\n","protected":false},"author":4,"featured_media":3224,"parent":0,"menu_order":0,"comment_status":"closed","ping_status":"closed","template":"","meta":{"footnotes":""},"class_list":["post-2931","page","type-page","status-publish","has-post-thumbnail","hentry"],"yoast_head":"<!-- This site is optimized with the Yoast SEO plugin v27.5 - https:\/\/yoast.com\/product\/yoast-seo-wordpress\/ -->\n<title>Food for take out - BRECHTS Steakhaus Berlin<\/title>\n<meta name=\"robots\" content=\"index, follow, max-snippet:-1, max-image-preview:large, max-video-preview:-1\" \/>\n<link rel=\"canonical\" href=\"https:\/\/brechts.de\/en\/take-out\/\" \/>\n<meta property=\"og:locale\" content=\"en_US\" \/>\n<meta property=\"og:type\" content=\"article\" \/>\n<meta property=\"og:title\" content=\"Food for take out - BRECHTS Steakhaus Berlin\" \/>\n<meta property=\"og:description\" content=\"[vc_row row_height_percent=&#8221;0&#8243; override_padding=&#8221;yes&#8221; h_padding=&#8221;2&#8243; top_padding=&#8221;3&#8243; bottom_padding=&#8221;2&#8243; overlay_alpha=&#8221;50&#8243; gutter_size=&#8221;3&#8243; column_width_percent=&#8221;100&#8243; shift_y=&#8221;0&#8243; z_index=&#8221;0&#8243;][vc_column width=&#8221;1\/6&#8243;][\/vc_column][vc_column column_width_percent=&#8221;100&#8243; align_horizontal=&#8221;align_center&#8221; gutter_size=&#8221;3&#8243; overlay_alpha=&#8221;50&#8243; shift_x=&#8221;0&#8243; shift_y=&#8221;0&#8243; shift_y_down=&#8221;0&#8243; z_index=&#8221;0&#8243; [&hellip;]\" \/>\n<meta property=\"og:url\" content=\"https:\/\/brechts.de\/en\/take-out\/\" \/>\n<meta property=\"og:site_name\" content=\"BRECHTS Steakhaus Berlin\" \/>\n<meta property=\"article:modified_time\" content=\"2022-11-01T11:28:57+00:00\" \/>\n<meta property=\"og:image\" content=\"https:\/\/brechts.de\/wp-content\/uploads\/2021\/02\/tbone_fresh-scaled.jpg\" \/>\n\t<meta property=\"og:image:width\" content=\"2560\" \/>\n\t<meta property=\"og:image:height\" content=\"1706\" \/>\n\t<meta property=\"og:image:type\" content=\"image\/jpeg\" \/>\n<meta name=\"twitter:card\" content=\"summary_large_image\" \/>\n<meta name=\"twitter:label1\" content=\"Est. reading time\" \/>\n\t<meta name=\"twitter:data1\" content=\"4 minutes\" \/>\n<script type=\"application\/ld+json\" class=\"yoast-schema-graph\">{\"@context\":\"https:\\\/\\\/schema.org\",\"@graph\":[{\"@type\":\"WebPage\",\"@id\":\"https:\\\/\\\/brechts.de\\\/en\\\/take-out\\\/\",\"url\":\"https:\\\/\\\/brechts.de\\\/en\\\/take-out\\\/\",\"name\":\"Food for take out - BRECHTS Steakhaus Berlin\",\"isPartOf\":{\"@id\":\"https:\\\/\\\/brechts.de\\\/#website\"},\"primaryImageOfPage\":{\"@id\":\"https:\\\/\\\/brechts.de\\\/en\\\/take-out\\\/#primaryimage\"},\"image\":{\"@id\":\"https:\\\/\\\/brechts.de\\\/en\\\/take-out\\\/#primaryimage\"},\"thumbnailUrl\":\"https:\\\/\\\/brechts.de\\\/wp-content\\\/uploads\\\/2021\\\/02\\\/tbone_fresh-scaled.jpg\",\"datePublished\":\"2020-11-23T14:08:09+00:00\",\"dateModified\":\"2022-11-01T11:28:57+00:00\",\"breadcrumb\":{\"@id\":\"https:\\\/\\\/brechts.de\\\/en\\\/take-out\\\/#breadcrumb\"},\"inLanguage\":\"en-US\",\"potentialAction\":[{\"@type\":\"ReadAction\",\"target\":[\"https:\\\/\\\/brechts.de\\\/en\\\/take-out\\\/\"]}]},{\"@type\":\"ImageObject\",\"inLanguage\":\"en-US\",\"@id\":\"https:\\\/\\\/brechts.de\\\/en\\\/take-out\\\/#primaryimage\",\"url\":\"https:\\\/\\\/brechts.de\\\/wp-content\\\/uploads\\\/2021\\\/02\\\/tbone_fresh-scaled.jpg\",\"contentUrl\":\"https:\\\/\\\/brechts.de\\\/wp-content\\\/uploads\\\/2021\\\/02\\\/tbone_fresh-scaled.jpg\",\"width\":2560,\"height\":1706},{\"@type\":\"BreadcrumbList\",\"@id\":\"https:\\\/\\\/brechts.de\\\/en\\\/take-out\\\/#breadcrumb\",\"itemListElement\":[{\"@type\":\"ListItem\",\"position\":1,\"name\":\"Startseite\",\"item\":\"https:\\\/\\\/brechts.de\\\/en\\\/\"},{\"@type\":\"ListItem\",\"position\":2,\"name\":\"Food for take out\"}]},{\"@type\":\"WebSite\",\"@id\":\"https:\\\/\\\/brechts.de\\\/#website\",\"url\":\"https:\\\/\\\/brechts.de\\\/\",\"name\":\"BRECHTS Steakhaus Berlin\",\"description\":\"Steakhaus Berlin Mitte\",\"publisher\":{\"@id\":\"https:\\\/\\\/brechts.de\\\/#organization\"},\"potentialAction\":[{\"@type\":\"SearchAction\",\"target\":{\"@type\":\"EntryPoint\",\"urlTemplate\":\"https:\\\/\\\/brechts.de\\\/?s={search_term_string}\"},\"query-input\":{\"@type\":\"PropertyValueSpecification\",\"valueRequired\":true,\"valueName\":\"search_term_string\"}}],\"inLanguage\":\"en-US\"},{\"@type\":\"Organization\",\"@id\":\"https:\\\/\\\/brechts.de\\\/#organization\",\"name\":\"Brechts Steakhaus\",\"url\":\"https:\\\/\\\/brechts.de\\\/\",\"logo\":{\"@type\":\"ImageObject\",\"inLanguage\":\"en-US\",\"@id\":\"https:\\\/\\\/brechts.de\\\/#\\\/schema\\\/logo\\\/image\\\/\",\"url\":\"https:\\\/\\\/brechts.de\\\/wp-content\\\/uploads\\\/2020\\\/09\\\/brechts-logo.png\",\"contentUrl\":\"https:\\\/\\\/brechts.de\\\/wp-content\\\/uploads\\\/2020\\\/09\\\/brechts-logo.png\",\"width\":168,\"height\":85,\"caption\":\"Brechts Steakhaus\"},\"image\":{\"@id\":\"https:\\\/\\\/brechts.de\\\/#\\\/schema\\\/logo\\\/image\\\/\"}}]}<\/script>\n<!-- \/ Yoast SEO plugin. -->","yoast_head_json":{"title":"Food for take out - BRECHTS Steakhaus Berlin","robots":{"index":"index","follow":"follow","max-snippet":"max-snippet:-1","max-image-preview":"max-image-preview:large","max-video-preview":"max-video-preview:-1"},"canonical":"https:\/\/brechts.de\/en\/take-out\/","og_locale":"en_US","og_type":"article","og_title":"Food for take out - BRECHTS Steakhaus Berlin","og_description":"[vc_row row_height_percent=&#8221;0&#8243; override_padding=&#8221;yes&#8221; h_padding=&#8221;2&#8243; top_padding=&#8221;3&#8243; bottom_padding=&#8221;2&#8243; overlay_alpha=&#8221;50&#8243; gutter_size=&#8221;3&#8243; column_width_percent=&#8221;100&#8243; shift_y=&#8221;0&#8243; z_index=&#8221;0&#8243;][vc_column width=&#8221;1\/6&#8243;][\/vc_column][vc_column column_width_percent=&#8221;100&#8243; align_horizontal=&#8221;align_center&#8221; gutter_size=&#8221;3&#8243; overlay_alpha=&#8221;50&#8243; shift_x=&#8221;0&#8243; shift_y=&#8221;0&#8243; shift_y_down=&#8221;0&#8243; z_index=&#8221;0&#8243; [&hellip;]","og_url":"https:\/\/brechts.de\/en\/take-out\/","og_site_name":"BRECHTS Steakhaus Berlin","article_modified_time":"2022-11-01T11:28:57+00:00","og_image":[{"width":2560,"height":1706,"url":"https:\/\/brechts.de\/wp-content\/uploads\/2021\/02\/tbone_fresh-scaled.jpg","type":"image\/jpeg"}],"twitter_card":"summary_large_image","twitter_misc":{"Est. reading time":"4 minutes"},"schema":{"@context":"https:\/\/schema.org","@graph":[{"@type":"WebPage","@id":"https:\/\/brechts.de\/en\/take-out\/","url":"https:\/\/brechts.de\/en\/take-out\/","name":"Food for take out - BRECHTS Steakhaus Berlin","isPartOf":{"@id":"https:\/\/brechts.de\/#website"},"primaryImageOfPage":{"@id":"https:\/\/brechts.de\/en\/take-out\/#primaryimage"},"image":{"@id":"https:\/\/brechts.de\/en\/take-out\/#primaryimage"},"thumbnailUrl":"https:\/\/brechts.de\/wp-content\/uploads\/2021\/02\/tbone_fresh-scaled.jpg","datePublished":"2020-11-23T14:08:09+00:00","dateModified":"2022-11-01T11:28:57+00:00","breadcrumb":{"@id":"https:\/\/brechts.de\/en\/take-out\/#breadcrumb"},"inLanguage":"en-US","potentialAction":[{"@type":"ReadAction","target":["https:\/\/brechts.de\/en\/take-out\/"]}]},{"@type":"ImageObject","inLanguage":"en-US","@id":"https:\/\/brechts.de\/en\/take-out\/#primaryimage","url":"https:\/\/brechts.de\/wp-content\/uploads\/2021\/02\/tbone_fresh-scaled.jpg","contentUrl":"https:\/\/brechts.de\/wp-content\/uploads\/2021\/02\/tbone_fresh-scaled.jpg","width":2560,"height":1706},{"@type":"BreadcrumbList","@id":"https:\/\/brechts.de\/en\/take-out\/#breadcrumb","itemListElement":[{"@type":"ListItem","position":1,"name":"Startseite","item":"https:\/\/brechts.de\/en\/"},{"@type":"ListItem","position":2,"name":"Food for take out"}]},{"@type":"WebSite","@id":"https:\/\/brechts.de\/#website","url":"https:\/\/brechts.de\/","name":"BRECHTS Steakhaus Berlin","description":"Steakhaus Berlin Mitte","publisher":{"@id":"https:\/\/brechts.de\/#organization"},"potentialAction":[{"@type":"SearchAction","target":{"@type":"EntryPoint","urlTemplate":"https:\/\/brechts.de\/?s={search_term_string}"},"query-input":{"@type":"PropertyValueSpecification","valueRequired":true,"valueName":"search_term_string"}}],"inLanguage":"en-US"},{"@type":"Organization","@id":"https:\/\/brechts.de\/#organization","name":"Brechts Steakhaus","url":"https:\/\/brechts.de\/","logo":{"@type":"ImageObject","inLanguage":"en-US","@id":"https:\/\/brechts.de\/#\/schema\/logo\/image\/","url":"https:\/\/brechts.de\/wp-content\/uploads\/2020\/09\/brechts-logo.png","contentUrl":"https:\/\/brechts.de\/wp-content\/uploads\/2020\/09\/brechts-logo.png","width":168,"height":85,"caption":"Brechts Steakhaus"},"image":{"@id":"https:\/\/brechts.de\/#\/schema\/logo\/image\/"}}]}},"_links":{"self":[{"href":"https:\/\/brechts.de\/en\/wp-json\/wp\/v2\/pages\/2931","targetHints":{"allow":["GET"]}}],"collection":[{"href":"https:\/\/brechts.de\/en\/wp-json\/wp\/v2\/pages"}],"about":[{"href":"https:\/\/brechts.de\/en\/wp-json\/wp\/v2\/types\/page"}],"author":[{"embeddable":true,"href":"https:\/\/brechts.de\/en\/wp-json\/wp\/v2\/users\/4"}],"replies":[{"embeddable":true,"href":"https:\/\/brechts.de\/en\/wp-json\/wp\/v2\/comments?post=2931"}],"version-history":[{"count":0,"href":"https:\/\/brechts.de\/en\/wp-json\/wp\/v2\/pages\/2931\/revisions"}],"wp:featuredmedia":[{"embeddable":true,"href":"https:\/\/brechts.de\/en\/wp-json\/wp\/v2\/media\/3224"}],"wp:attachment":[{"href":"https:\/\/brechts.de\/en\/wp-json\/wp\/v2\/media?parent=2931"}],"curies":[{"name":"wp","href":"https:\/\/api.w.org\/{rel}","templated":true}]}}